{"id":6179,"date":"2025-02-21T13:13:33","date_gmt":"2025-02-21T18:13:33","guid":{"rendered":"https:\/\/ugelmoho.gob.pe\/web\/?page_id=6179"},"modified":"2025-02-21T13:53:23","modified_gmt":"2025-02-21T18:53:23","slug":"inicio","status":"publish","type":"page","link":"https:\/\/www.ugelmoho.gob.pe\/web\/inicio\/","title":{"rendered":"Inicio"},"content":{"rendered":"\n<div class=\"wp-block-columns is-layout-flex wp-container-core-columns-is-layout-9d6595d7 wp-block-columns-is-layout-flex\">\n<div class=\"wp-block-column is-layout-flow wp-block-column-is-layout-flow\" style=\"flex-basis:100%\">\n<div class=\"wp-block-query is-layout-flow wp-block-query-is-layout-flow\">\n<div class=\"wp-block-group\"><div class=\"wp-block-group__inner-container is-layout-constrained wp-block-group-is-layout-constrained\">\n<div class=\"wp-block-group\"><div class=\"wp-block-group__inner-container is-layout-constrained wp-block-group-is-layout-constrained\"><ul style=\"font-size:16px;font-style:normal;font-weight:400;\" class=\"wp-block-latest-posts__list has-dates wp-block-latest-posts\"><li><a class=\"wp-block-latest-posts__post-title\" href=\"https:\/\/www.ugelmoho.gob.pe\/web\/fortalecimiento-de-las-competencias-linguisticas-de-los-docentes-de-instituciones-educativas-de-educacion-intercultural-bilingue-eib-que-presentan-un-nivel-de-dominio-escrito-inferior-al-basico\/\">FORTALECIMIENTO DE LAS COMPETENCIAS LING\u00dc\u00cdSTICAS DE LOS DOCENTES DE INSTITUCIONES EDUCATIVAS DE EDUCACI\u00d3N INTERCULTURAL BILING\u00dcE (EIB) QUE PRESENTAN UN NIVEL DE DOMINIO ESCRITO INFERIOR AL B\u00c1SICO<\/a><time datetime=\"2026-04-16T14:05:57-05:00\" class=\"wp-block-latest-posts__post-date\">16 de abril de 2026<\/time><div class=\"wp-block-latest-posts__post-excerpt\">Inscripciones abiertas para el \u201cFortalecimiento de las competencias ling\u00fc\u00edsticas de los docentes de instituciones educativas de Educaci\u00f3n Intercultural Biling\u00fce (EIB) que presentan un nivel de dominio escrito inferior al b\u00e1sico\u201d. Esta iniciativa promueve la matr\u00edcula y culminaci\u00f3n de los cursos de lectura y escritura en lenguas originarias, desarrollados a trav\u00e9s de la plataforma SIFODS &#8230;. <a class=\"wp-block-latest-posts__read-more\" href=\"https:\/\/www.ugelmoho.gob.pe\/web\/fortalecimiento-de-las-competencias-linguisticas-de-los-docentes-de-instituciones-educativas-de-educacion-intercultural-bilingue-eib-que-presentan-un-nivel-de-dominio-escrito-inferior-al-basico\/\" rel=\"noopener noreferrer\">Lee m\u00e1s<span class=\"screen-reader-text\">: FORTALECIMIENTO DE LAS COMPETENCIAS LING\u00dc\u00cdSTICAS DE LOS DOCENTES DE INSTITUCIONES EDUCATIVAS DE EDUCACI\u00d3N INTERCULTURAL BILING\u00dcE (EIB) QUE PRESENTAN UN NIVEL DE DOMINIO ESCRITO INFERIOR AL B\u00c1SICO<\/span><\/a><\/div><\/li>\n<li><a class=\"wp-block-latest-posts__post-title\" href=\"https:\/\/www.ugelmoho.gob.pe\/web\/convocatoria-plaza-de-especialista-ugel-moho-150426\/\">CONVOCATORIA &#8211; PLAZA DE ESPECIALISTA UGEL MOHO &#8211; 150426<\/a><time datetime=\"2026-04-15T20:27:01-05:00\" class=\"wp-block-latest-posts__post-date\">15 de abril de 2026<\/time><div class=\"wp-block-latest-posts__post-excerpt\">CONVOCATORIA &#8211; PLAZA DE ESPECIALISTA UGEL MOHO &#8211; 150426<\/div><\/li>\n<li><a class=\"wp-block-latest-posts__post-title\" href=\"https:\/\/www.ugelmoho.gob.pe\/web\/convocatoria-cas-de-intervenciones-pedagogicas-2026\/\">CONVOCATORIA CAS DE INTERVENCIONES PEDAGOGICAS 2026<\/a><time datetime=\"2026-04-13T08:33:24-05:00\" class=\"wp-block-latest-posts__post-date\">13 de abril de 2026<\/time><div class=\"wp-block-latest-posts__post-excerpt\">1. CONVOCATORIA 01 2. CAS N\u00b0 001-2026 &#8211; COORDINADOR(A) RER 3. CAS N\u00b0 002-2026 &#8211; COORDINADOR ADMINISTRATIVO DE RER 4. CAS N\u00b0 003-2026 &#8211; COORDINADOR(A) DE INNOVACI\u00d3N Y SOPORTE 5. CAS N\u00b0 004-2026 &#8211; PSICOLOGO(A) 6. CAS N\u00b0 005-2026 &#8211; PROFESIONAL III DEL EQUIPO ITINERANTE 7. Anexos_CAS 8. RESULTADOS PRELIMINARES DE LA EVALUACION DE HOJA&#8230; <a class=\"wp-block-latest-posts__read-more\" href=\"https:\/\/www.ugelmoho.gob.pe\/web\/convocatoria-cas-de-intervenciones-pedagogicas-2026\/\" rel=\"noopener noreferrer\">Lee m\u00e1s<span class=\"screen-reader-text\">: CONVOCATORIA CAS DE INTERVENCIONES PEDAGOGICAS 2026<\/span><\/a><\/div><\/li>\n<li><a class=\"wp-block-latest-posts__post-title\" href=\"https:\/\/www.ugelmoho.gob.pe\/web\/convocatoria-a-plaza-vacante-de-pronoei-cotana\/\">Convocatoria a plaza vacante de PRONOEI COTA\u00d1A<\/a><time datetime=\"2026-04-10T22:51:18-05:00\" class=\"wp-block-latest-posts__post-date\">10 de abril de 2026<\/time><div class=\"wp-block-latest-posts__post-excerpt\">CRONOGRAMA DE SELECCI\u00d3N DE PROMOTORES(A) EDUCATIVO COMUNITARIO DE LA UGEL MOHO &#8211; PRONOEI Cota\u00f1a &#8211; 10 Abril de 2026<\/div><\/li>\n<li><a class=\"wp-block-latest-posts__post-title\" href=\"https:\/\/www.ugelmoho.gob.pe\/web\/disponibilidad-de-locales-escolares-para-el-proceso-electoral\/\">DISPONIBILIDAD DE LOCALES ESCOLARES PARA EL PROCESO ELECTORAL<\/a><time datetime=\"2026-04-08T08:50:50-05:00\" class=\"wp-block-latest-posts__post-date\">8 de abril de 2026<\/time><div class=\"wp-block-latest-posts__post-excerpt\">DISPONIBILIDAD DE LOCALES ESCOLARES PARA EL PROCESO ELECTORAL<\/div><\/li>\n<li><a class=\"wp-block-latest-posts__post-title\" href=\"https:\/\/www.ugelmoho.gob.pe\/web\/supervision-electoral-a-las-instituciones-educativas\/\">SUPERVISION ELECTORAL A LAS INSTITUCIONES EDUCATIVAS<\/a><time datetime=\"2026-03-30T16:48:49-05:00\" class=\"wp-block-latest-posts__post-date\">30 de marzo de 2026<\/time><div class=\"wp-block-latest-posts__post-excerpt\">OFICIO N\u00b0199-2026 SUPERVISION ELECTORAL A LAS INSTITUCIONES EDUCATIVAS DATA OFICIAL LOCALES DE VOTACI\u00d3N POR REGIONES &nbsp; &nbsp;<\/div><\/li>\n<li><a class=\"wp-block-latest-posts__post-title\" href=\"https:\/\/www.ugelmoho.gob.pe\/web\/trabajo-de-articulacion-para-el-fortalecimiento-de-escuelas\/\">TRABAJO DE ARTICULACION PARA EL FORTALECIMIENTO DE ESCUELAS<\/a><time datetime=\"2026-03-30T16:46:46-05:00\" class=\"wp-block-latest-posts__post-date\">30 de marzo de 2026<\/time><div class=\"wp-block-latest-posts__post-excerpt\">OFICIO MULTIPLE N\u00b0038-2026, TRABAJO DE ARTICULACION PARA EL FORTALECIMIENTO DE ESCUELAS<\/div><\/li>\n<li><a class=\"wp-block-latest-posts__post-title\" href=\"https:\/\/www.ugelmoho.gob.pe\/web\/alerta-epidemiologica-n02-2026\/\">ALERTA EPIDEMIOLOGICA N\u00b002-2026<\/a><time datetime=\"2026-03-30T16:45:41-05:00\" class=\"wp-block-latest-posts__post-date\">30 de marzo de 2026<\/time><div class=\"wp-block-latest-posts__post-excerpt\">OFICIO MULTIPLE N\u00b0037-2026, ALERTA EPIDEMIOLOGICA N\u00b002-2026<\/div><\/li>\n<li><a class=\"wp-block-latest-posts__post-title\" href=\"https:\/\/www.ugelmoho.gob.pe\/web\/se-convoca-para-seleccion-pec-pronoei-umuchi\/\">Se convoca para selecci\u00f3n PEC PRONOEI \u00abUmuchi\u00bb<\/a><time datetime=\"2026-03-26T15:17:37-05:00\" class=\"wp-block-latest-posts__post-date\">26 de marzo de 2026<\/time><div class=\"wp-block-latest-posts__post-excerpt\">1.- Convocatoria para PEC de PRONOEI Umuchi &#8211; 27 Marzo de 2026<\/div><\/li>\n<li><a class=\"wp-block-latest-posts__post-title\" href=\"https:\/\/www.ugelmoho.gob.pe\/web\/convocatoria-para-el-proceso-de-inscripcion-a-la-evaluacion-del-dominio-de-la-lengua-indigena-u-originaria-de-docentes-edlo-2026\/\">CONVOCATORIA PARA EL PROCESO DE INSCRIPCI\u00d3N A LA EVALUACI\u00d3N DEL DOMINIO DE LA LENGUA IND\u00cdGENA U ORIGINARIA DE DOCENTES (EDLO 2026).<\/a><time datetime=\"2026-03-23T22:28:36-05:00\" class=\"wp-block-latest-posts__post-date\">23 de marzo de 2026<\/time><div class=\"wp-block-latest-posts__post-excerpt\">COMUNICADO EIB Inscripci\u00f3n EDLO 2026OFICIO_MULTIPLE-00025-2026-MINEDU-VMGP-DIGEIBIRA Y PROTOCOLO EDLO 2026 Modificaci\u00f3n de cronograma del proceso de Evaluaci\u00f3n de Dominio de la &#8211; OFICIO_MULTIPLE-00047-2026-MINEDU-VMGP-DIGEIBIRA &nbsp;<\/div><\/li>\n<li><a class=\"wp-block-latest-posts__post-title\" href=\"https:\/\/www.ugelmoho.gob.pe\/web\/brindar-facilidades-a-los-trabajadores-del-centro-de-salud\/\">BRINDAR FACILIDADES A LOS TRABAJADORES DEL CENTRO DE SALUD<\/a><time datetime=\"2026-03-19T15:42:30-05:00\" class=\"wp-block-latest-posts__post-date\">19 de marzo de 2026<\/time><div class=\"wp-block-latest-posts__post-excerpt\">OFICIO MULTIPLE N\u00b0031-2026-GRGRPGRDSDREPDUGELM<\/div><\/li>\n<li><a class=\"wp-block-latest-posts__post-title\" href=\"https:\/\/www.ugelmoho.gob.pe\/web\/cronograma-de-convocatoria-personal-administrativo-276-ies-jipata-jacha-jaa\/\">CRONOGRAMA DE CONVOCATORIA PERSONAL ADMINISTRATIVO 276 &#8211; IES JIPATA JACHA JAA<\/a><time datetime=\"2026-03-18T01:54:43-05:00\" class=\"wp-block-latest-posts__post-date\">18 de marzo de 2026<\/time><div class=\"wp-block-latest-posts__post-excerpt\">CRONOGRAMA DE CONVOCATORIA PERSONAL ADMINISTRATIVO 276 &#8211; IES JIPATA JACHA JAA Resultados preliminares de evaluaci\u00f3n de expedientes personal administrativo 276 IES Jipata Jacha Jaa RESULTADOS FINALES DE LA EVALUACION DE EXPEDIENTES PERSONAL ADMINISTRATIVO 276 IES JIPATA JACHA JAA<\/div><\/li>\n<li><a class=\"wp-block-latest-posts__post-title\" href=\"https:\/\/www.ugelmoho.gob.pe\/web\/se-convoca-para-seleccion-promotor-educativo-comunitario-pec-pronoei-gallo-de-oro\/\">Se convoca para selecci\u00f3n de Promotor Educativo Comunitario (PEC) PRONOEI \u00abGallo de Oro\u00bb<\/a><time datetime=\"2026-03-16T16:41:30-05:00\" class=\"wp-block-latest-posts__post-date\">16 de marzo de 2026<\/time><div class=\"wp-block-latest-posts__post-excerpt\">1.- Convocatoria Promotora Educativa Comunitaria 2026<\/div><\/li>\n<li><a class=\"wp-block-latest-posts__post-title\" href=\"https:\/\/www.ugelmoho.gob.pe\/web\/contratacion-docente-2026\/\">CONTRATO DOCENTE 2026<\/a><time datetime=\"2026-03-12T15:50:14-05:00\" class=\"wp-block-latest-posts__post-date\">12 de marzo de 2026<\/time><div class=\"wp-block-latest-posts__post-excerpt\">1. DS N\u00ba 022-2025-MINEDU 2. OM_00003_2026_MINEDUJ-cronograma_contratacion 3. RDR 0005-2026-DREP 4. OFICIO_MULTIPLE-00030-2026-MINEDU-VMGP-DIGEDD[R] PRIMERA ETAPA RELACION DE DOCENTES QUE RENUEVAN Y NO RENUEVAN CONTRATO DOCENTE-2026 5.-RELACION-DE-DOCENTES-QUE-NO-RENUEVAN-CONTRATO-SEGUN-RV.-N\u00b0022-2026-LEY-29944 6.-RELACION-DE-DOCENTES-QUE-RENUEVAN-CONTRATO-DOCENTE-2026-SEGUN-RV.-N\u00b0022-2026-LEY-29944 SEGUNDA ETAPA\u00a0CONTRATACION POR RESULTADOS DE LA PRUEBA NACIONAL (PUN)\u00a0 7. II ETAPA CONTRATACION POR RESULTADOS DE LA PRUEBA NACIONAL (PUN) &#8211; PLAZAS VACANTES INICIAL 8. II ETAPA CONTRATACION POR RESULTADOS&#8230; <a class=\"wp-block-latest-posts__read-more\" href=\"https:\/\/www.ugelmoho.gob.pe\/web\/contratacion-docente-2026\/\" rel=\"noopener noreferrer\">Lee m\u00e1s<span class=\"screen-reader-text\">: CONTRATO DOCENTE 2026<\/span><\/a><\/div><\/li>\n<li><a class=\"wp-block-latest-posts__post-title\" href=\"https:\/\/www.ugelmoho.gob.pe\/web\/se-convoca-a-la-asistencia-tecnica-para-la-programacion-de-la-ficha-de-acciones-de-mantenimiento-fam\/\">SE CONVOCA A LA ASISTENCIA T\u00c9CNICA, PARA LA PROGRAMACI\u00d3N DE LA FICHA DE ACCIONES DE MANTENIMIENTO (FAM)<\/a><time datetime=\"2026-03-11T14:21:05-05:00\" class=\"wp-block-latest-posts__post-date\">11 de marzo de 2026<\/time><div class=\"wp-block-latest-posts__post-excerpt\">COMUNICADO N.\u00ba 002-2026-UGELM-MTO El sistema de mantenimiento e infraestructura de la UGEL MOHO, a trav\u00e9s de las \u201cDisposiciones generales para la ejecuci\u00f3n de mantenimiento y acondicionamiento de infraestructura educativa bajo la modalidad de subvenci\u00f3n\u201d RM N\u00b0557-2020-MINEDU y Norma T\u00e9cnica \u201cDisposiciones espec\u00edficas para la ejecuci\u00f3n del Programa de Mantenimiento para el a\u00f1o 2026\u201d RM N\u00b0007-2026-MINEDU, han&#8230; <a class=\"wp-block-latest-posts__read-more\" href=\"https:\/\/www.ugelmoho.gob.pe\/web\/se-convoca-a-la-asistencia-tecnica-para-la-programacion-de-la-ficha-de-acciones-de-mantenimiento-fam\/\" rel=\"noopener noreferrer\">Lee m\u00e1s<span class=\"screen-reader-text\">: SE CONVOCA A LA ASISTENCIA T\u00c9CNICA, PARA LA PROGRAMACI\u00d3N DE LA FICHA DE ACCIONES DE MANTENIMIENTO (FAM)<\/span><\/a><\/div><\/li>\n<li><a class=\"wp-block-latest-posts__post-title\" href=\"https:\/\/www.ugelmoho.gob.pe\/web\/convocatoria-para-el-proceso-de-contratacion-de-personal-administrativo-decreto-legislativo-n-276-iep-n-72355-de-conima\/\">CONVOCATORIA PARA EL PROCESO DE CONTRATACI\u00d3N DE PERSONAL ADMINISTRATIVO, DECRETO LEGISLATIVO N.\u00b0 276 \u2013 IEP N\u00b0 72355 DE CONIMA<\/a><time datetime=\"2026-03-10T09:28:13-05:00\" class=\"wp-block-latest-posts__post-date\">10 de marzo de 2026<\/time><div class=\"wp-block-latest-posts__post-excerpt\">1. CRONOGRAMA DE CONVOCATORIA PARA CONTRATACION DE PERSONAL ADMINISTRATIVO A\u00d1O 2026, D.L N.\u00b0 276 \u2013 IEP N\u00b072355 CONIMA 2. RESULTADOS PRELIMINARES DE LA EVALUACIONDE EXP\u00c9DIENTES<\/div><\/li>\n<li><a class=\"wp-block-latest-posts__post-title\" href=\"https:\/\/www.ugelmoho.gob.pe\/web\/convocatoria-de-promotoras-educativas-comunitarias-pec\/\">CONVOCATORIA DE PROMOTORAS EDUCATIVAS COMUNITARIAS (PEC)<\/a><time datetime=\"2026-03-09T18:05:37-05:00\" class=\"wp-block-latest-posts__post-date\">9 de marzo de 2026<\/time><div class=\"wp-block-latest-posts__post-excerpt\">CRONOGRAMA DE CONVOCATORIA DE PROMOTORAS EDUCATIVAS COMUNITARIAS (PEC)<\/div><\/li>\n<li><a class=\"wp-block-latest-posts__post-title\" href=\"https:\/\/www.ugelmoho.gob.pe\/web\/programa-de-alimentacion-escolar-pae-curso-virtual-el-cae-y-la-prestacion-del-servicio-alimentario-escolar\/\">PROGRAMA DE ALIMENTACION ESCOLAR (PAE) CURSO VIRTUAL \u201cEL CAE Y LA PRESTACION DEL SERVICIO ALIMENTARIO ESCOLAR\u201d<\/a><time datetime=\"2026-03-06T13:25:16-05:00\" class=\"wp-block-latest-posts__post-date\">6 de marzo de 2026<\/time><div class=\"wp-block-latest-posts__post-excerpt\">1. OFICIO DE CONVOCATORIA PARA PARTICIPAR DE LA 1RA EDICION DEL CURSO VIRTUAL EL CAE 2.ENLACE PARA EL INGRESO AL CURSO PAE<\/div><\/li>\n<li><a class=\"wp-block-latest-posts__post-title\" href=\"https:\/\/www.ugelmoho.gob.pe\/web\/contrato-de-auxiliares-de-educacion-2026\/\">CONTRATO DE AUXILIARES DE EDUCACION 2026<\/a><time datetime=\"2026-03-05T09:51:06-05:00\" class=\"wp-block-latest-posts__post-date\">5 de marzo de 2026<\/time><div class=\"wp-block-latest-posts__post-excerpt\">OM -00138-2025-MINEDU-VMGP-DIGEDD, Contrataci\u00f3n Auxiliares RDR N 4101-2025-DREP RVM N\u00b0 158-2025-MINEDU. Plazas Vacantes de Auxiliar de Educaci\u00f3n \u00a0COMUNICADO Relaci\u00f3n de participantes aptos y no aptos 2026 REPROGRAMACION DE\u00a0 CRONOGRAMA OFICIO_MULTIPLE-00028-2026-MINEDU-VMGP-DIGEDD[R] RESULTADOS PREMILIMINARES DE LA EVALUACION EXPEDIENTES &#8211; AUXILIARES DE EDUCACION INICIAL RESULTADOS PREMILIMINARES DE LA EVALUACION EXPEDIENTES &#8211; AUXILIARES DE EDUCACION SECUNDARIA RESULTADOS FINALES DE AUXILIARES&#8230; <a class=\"wp-block-latest-posts__read-more\" href=\"https:\/\/www.ugelmoho.gob.pe\/web\/contrato-de-auxiliares-de-educacion-2026\/\" rel=\"noopener noreferrer\">Lee m\u00e1s<span class=\"screen-reader-text\">: CONTRATO DE AUXILIARES DE EDUCACION 2026<\/span><\/a><\/div><\/li>\n<li><a class=\"wp-block-latest-posts__post-title\" href=\"https:\/\/www.ugelmoho.gob.pe\/web\/carta-de-invitacion-n010-2026-a-participar-en-la-contratacion-de-combustible-diesel-b5-gasohol-regular-ugel-moho\/\">CARTA DE INVITACION N\u00b0010-2026 A PARTICIPAR EN LA CONTRATACION DE COMBUSTIBLE (DIESEL B5, GASOHOL REGULAR), PARA LA UGEL MOHO<\/a><time datetime=\"2026-03-04T22:31:29-05:00\" class=\"wp-block-latest-posts__post-date\">4 de marzo de 2026<\/time><div class=\"wp-block-latest-posts__post-excerpt\">1. CARTA DE INVITACION N\u00b0010-2026- COMBUSTIBLE 2. COMBUSTIBLE-especificaciones t\u00e9cnicas EE.TT. 3. COTIZACION DE COMBUSTIBLE -UGELM-2026 4. ANEXOS &nbsp;<\/div><\/li>\n<\/ul><\/div><\/div>\n<\/div><\/div>\n\n\n<\/div>\n<\/div>\n<\/div>\n","protected":false},"excerpt":{"rendered":"","protected":false},"author":1,"featured_media":0,"parent":0,"menu_order":10,"comment_status":"closed","ping_status":"closed","template":"","meta":{"footnotes":""},"class_list":["post-6179","page","type-page","status-publish","hentry"],"_links":{"self":[{"href":"https:\/\/www.ugelmoho.gob.pe\/web\/wp-json\/wp\/v2\/pages\/6179","targetHints":{"allow":["GET"]}}],"collection":[{"href":"https:\/\/www.ugelmoho.gob.pe\/web\/wp-json\/wp\/v2\/pages"}],"about":[{"href":"https:\/\/www.ugelmoho.gob.pe\/web\/wp-json\/wp\/v2\/types\/page"}],"author":[{"embeddable":true,"href":"https:\/\/www.ugelmoho.gob.pe\/web\/wp-json\/wp\/v2\/users\/1"}],"replies":[{"embeddable":true,"href":"https:\/\/www.ugelmoho.gob.pe\/web\/wp-json\/wp\/v2\/comments?post=6179"}],"version-history":[{"count":17,"href":"https:\/\/www.ugelmoho.gob.pe\/web\/wp-json\/wp\/v2\/pages\/6179\/revisions"}],"predecessor-version":[{"id":6201,"href":"https:\/\/www.ugelmoho.gob.pe\/web\/wp-json\/wp\/v2\/pages\/6179\/revisions\/6201"}],"wp:attachment":[{"href":"https:\/\/www.ugelmoho.gob.pe\/web\/wp-json\/wp\/v2\/media?parent=6179"}],"curies":[{"name":"wp","href":"https:\/\/api.w.org\/{rel}","templated":true}]}}